{"id":8490,"date":"2023-05-31T13:16:28","date_gmt":"2023-05-31T13:16:28","guid":{"rendered":"https:\/\/etrusca.gdsystem.it\/?page_id=8490"},"modified":"2023-05-31T16:59:44","modified_gmt":"2023-05-31T16:59:44","slug":"perche-il-nome-letrusca","status":"publish","type":"page","link":"https:\/\/etrusca.gdsystem.it\/?page_id=8490","title":{"rendered":"Perch\u00e9 il nome L&#8217;Etrusca?"},"content":{"rendered":"<p>[vc_row][vc_column][vc_column_text]<\/p>\n<h1 style=\"text-align: center;\">Perch\u00e9 il nome &#8220;L&#8217;Etrusca&#8221;<\/h1>\n<p>[\/vc_column_text]<div  class=\"wpb_content_element   clearfix\"><style type=\"text\/css\">#ut_am_69d12b1d07c4b { opacity: 1; }#ut_am_wrap_69d12b1d07c4d .ut-image-gallery-item-caption-title h3 { letter-spacing: 0em; }#ut_am_wrap_69d12b1d07c4d .ut-gallery-slider-caption { font-weight: bold; }#ut_am_wrap_69d12b1d07c4d { text-align: center; }@media (min-width: 768px) and (max-width: 1024px) { #ut_am_wrap_69d12b1d07c4d { text-align: center !important; } }@media (max-width: 767px) { #ut_am_wrap_69d12b1d07c4d { text-align: center !important; } }<\/style><div id=\"ut_am_wrap_69d12b1d07c4d\" class=\"ut-image-gallery-image \"><div id=\"ut_reveal_69d12b1d07c4e\"  data-appear-top-offset=\"auto\" class=\"ut-animated-image-item ut-image-gallery-item ut-animation-done \"><a class=\"ut-deactivated-link\" href=\"#\"><div class=\"ut-animated-image-zoom\"><img loading=\"lazy\" decoding=\"async\" class=\"ut-lazy skip-lazy ut-animated-image \"  id=\"ut_am_69d12b1d07c4b\" src=\"data:image\/svg+xml;charset=utf-8,%3Csvg xmlns%3D'http%3A%2F%2Fwww.w3.org%2F2000%2Fsvg' viewBox%3D'0 0 900 600'%2F%3E\" data-src=\"https:\/\/etrusca.gdsystem.it\/wp-content\/uploads\/2023\/05\/8.jpg\" width=\"900\" height=\"600\" alt=\"\"\/><\/div><\/a><\/div><\/div><\/div>[vc_column_text]La scelta del nome non \u00e8 casuale, ma <strong>trae ispirazione da una delle pi\u00f9 affascinanti civilt\u00e0 dell&#8217;antica Italia: gli Etruschi<\/strong>.<br \/>\nIl nostro nome, &#8220;L&#8217;Etrusca&#8221;, rappresenta <strong>un omaggio alle donne etrusche, che sono state le prime donne italiane ad occuparsi di bellezza in modo strutturato e professionale<\/strong>.<\/p>\n<p><em>Gli Etruschi, antico popolo che fior\u00ec in Italia centrale tra il VIII e il III secolo a.C., erano noti per il loro amore per l&#8217;arte, la moda e il benessere personale.<\/em> Le donne etrusche, in particolare,<strong> erano rinomate per la loro bellezza e il loro stile unico, nonch\u00e9 per le loro conoscenze e competenze nel campo dell&#8217;estetica.<\/strong><\/p>\n<p>Abbiamo scelto il nome &#8220;L&#8217;Etrusca&#8221; per la nostra scuola di estetica per <strong>onorare questa tradizione millenaria di cura e bellezza<\/strong>. Vogliamo trasmettere alle nostre studentesse non solo le competenze tecniche necessarie per avere successo nel settore dell&#8217;estetica, ma anche l&#8217;ispirazione e la passione che le donne etrusche hanno dimostrato nel prendersi cura di s\u00e9 stesse e degli altri.<\/p>\n<p>Presso la scuola &#8220;L&#8217;Etrusca&#8221;, <strong>crediamo che l&#8217;estetica non sia solo una questione di apparenze esteriori, ma anche di benessere interiore.<\/strong> Attraverso i nostri programmi formativi, offriamo alle nostre studentesse <strong>l&#8217;opportunit\u00e0 di apprendere le pi\u00f9 moderne tecniche e metodologie nell&#8217;ambito dell&#8217;estetica, ma anche di sviluppare una consapevolezza della bellezza che va oltre l&#8217;aspetto fisico<\/strong>.[\/vc_column_text]<div  class=\"wpb_content_element   clearfix\"><style type=\"text\/css\">#ut_am_69d12b1d080c2 { opacity: 1; }#ut_am_wrap_69d12b1d080c3 .ut-image-gallery-item-caption-title h3 { letter-spacing: 0em; }#ut_am_wrap_69d12b1d080c3 .ut-gallery-slider-caption { font-weight: bold; }#ut_am_wrap_69d12b1d080c3 { text-align: center; }@media (min-width: 768px) and (max-width: 1024px) { #ut_am_wrap_69d12b1d080c3 { text-align: center !important; } }@media (max-width: 767px) { #ut_am_wrap_69d12b1d080c3 { text-align: center !important; } }<\/style><div id=\"ut_am_wrap_69d12b1d080c3\" class=\"ut-image-gallery-image \"><div id=\"ut_reveal_69d12b1d080c4\"  data-appear-top-offset=\"auto\" class=\"ut-animated-image-item ut-image-gallery-item ut-animation-done \"><a class=\"ut-deactivated-link\" href=\"#\"><div class=\"ut-animated-image-zoom\"><img loading=\"lazy\" decoding=\"async\" class=\"ut-lazy skip-lazy ut-animated-image \"  id=\"ut_am_69d12b1d080c2\" src=\"data:image\/svg+xml;charset=utf-8,%3Csvg xmlns%3D'http%3A%2F%2Fwww.w3.org%2F2000%2Fsvg' viewBox%3D'0 0 900 600'%2F%3E\" data-src=\"https:\/\/etrusca.gdsystem.it\/wp-content\/uploads\/2023\/05\/7.jpg\" width=\"900\" height=\"600\" alt=\"\"\/><\/div><\/a><\/div><\/div><\/div>[vc_column_text]Siamo un&#8217;istituzione che mira a promuovere <strong>la bellezza autentica, l&#8217;empowerment personale e l&#8217;autostima<\/strong>.<br \/>\n<em>Vogliamo che le nostre studentesse si sentano ispirate a realizzare il loro potenziale e a creare un impatto positivo nel settore dell&#8217;estetica e nella vita delle persone che servono.<\/em><\/p>\n<p><strong>Continueremo a perseguire la nostra missione di fornire una formazione di qualit\u00e0, promuovendo la creativit\u00e0, l&#8217;innovazione e l&#8217;etica professionale.<\/strong><\/p>\n<p><em>Quindi, benvenute\/i a &#8220;L&#8217;Etrusca&#8221;!<\/em> Saremo al vostro fianco durante il vostro percorso di apprendimento, fornendovi le competenze, la conoscenza e l&#8217;ispirazione necessarie per avere <strong>successo come professionista nel mondo del lavoro.<\/strong><\/p>\n<p><em>Insieme, porteremo avanti l&#8217;eredit\u00e0 delle donne etrusche e creeremo un futuro luminoso!<\/em>[\/vc_column_text]<div  class=\"wpb_content_element   clearfix\"><style type=\"text\/css\">#ut_am_69d12b1d08445 { opacity: 1; }#ut_am_wrap_69d12b1d08446 .ut-image-gallery-item-caption-title h3 { letter-spacing: 0em; }#ut_am_wrap_69d12b1d08446 .ut-gallery-slider-caption { font-weight: bold; }#ut_am_wrap_69d12b1d08446 { text-align: center; }@media (min-width: 768px) and (max-width: 1024px) { #ut_am_wrap_69d12b1d08446 { text-align: center !important; } }@media (max-width: 767px) { #ut_am_wrap_69d12b1d08446 { text-align: center !important; } }<\/style><div id=\"ut_am_wrap_69d12b1d08446\" class=\"ut-image-gallery-image \"><div id=\"ut_reveal_69d12b1d08447\"  data-appear-top-offset=\"auto\" class=\"ut-animated-image-item ut-image-gallery-item ut-animation-done \"><a class=\"ut-deactivated-link\" href=\"#\"><div class=\"ut-animated-image-zoom\"><img loading=\"lazy\" decoding=\"async\" class=\"ut-lazy skip-lazy ut-animated-image \"  id=\"ut_am_69d12b1d08445\" src=\"data:image\/svg+xml;charset=utf-8,%3Csvg xmlns%3D'http%3A%2F%2Fwww.w3.org%2F2000%2Fsvg' viewBox%3D'0 0 900 600'%2F%3E\" data-src=\"https:\/\/etrusca.gdsystem.it\/wp-content\/uploads\/2023\/05\/6.jpg\" width=\"900\" height=\"600\" alt=\"\"\/><\/div><\/a><\/div><\/div><\/div>[\/vc_column][\/vc_row]<\/p>\n","protected":false},"excerpt":{"rendered":"<p>[vc_row][vc_column][vc_column_text] Perch\u00e9 il nome &#8220;L&#8217;Etrusca&#8221; [\/vc_column_text][vc_column_text]La scelta del nome non \u00e8 casuale, ma trae ispirazione da una delle pi\u00f9 affascinanti civilt\u00e0 dell&#8217;antica Italia: gli Etruschi. Il nostro nome, &#8220;L&#8217;Etrusca&#8221;, rappresenta un omaggio alle donne etrusche, che sono state le prime donne italiane ad occuparsi di bellezza in modo strutturato e professionale. Gli Etruschi, antico popolo [&hellip;]<\/p>\n","protected":false},"author":1,"featured_media":0,"parent":0,"menu_order":0,"comment_status":"closed","ping_status":"closed","template":"","meta":{"footnotes":""},"class_list":["post-8490","page","type-page","status-publish","hentry"],"_links":{"self":[{"href":"https:\/\/etrusca.gdsystem.it\/index.php?rest_route=\/wp\/v2\/pages\/8490","targetHints":{"allow":["GET"]}}],"collection":[{"href":"https:\/\/etrusca.gdsystem.it\/index.php?rest_route=\/wp\/v2\/pages"}],"about":[{"href":"https:\/\/etrusca.gdsystem.it\/index.php?rest_route=\/wp\/v2\/types\/page"}],"author":[{"embeddable":true,"href":"https:\/\/etrusca.gdsystem.it\/index.php?rest_route=\/wp\/v2\/users\/1"}],"replies":[{"embeddable":true,"href":"https:\/\/etrusca.gdsystem.it\/index.php?rest_route=%2Fwp%2Fv2%2Fcomments&post=8490"}],"version-history":[{"count":4,"href":"https:\/\/etrusca.gdsystem.it\/index.php?rest_route=\/wp\/v2\/pages\/8490\/revisions"}],"predecessor-version":[{"id":8509,"href":"https:\/\/etrusca.gdsystem.it\/index.php?rest_route=\/wp\/v2\/pages\/8490\/revisions\/8509"}],"wp:attachment":[{"href":"https:\/\/etrusca.gdsystem.it\/index.php?rest_route=%2Fwp%2Fv2%2Fmedia&parent=8490"}],"curies":[{"name":"wp","href":"https:\/\/api.w.org\/{rel}","templated":true}]}}